{"id":9,"date":"2017-02-21T13:18:17","date_gmt":"2017-02-21T12:18:17","guid":{"rendered":"http:\/\/uni-vers-elle.getb.be\/?page_id=9"},"modified":"2019-01-09T14:43:22","modified_gmt":"2019-01-09T13:43:22","slug":"reconnective-healing","status":"publish","type":"page","link":"https:\/\/uni-vers-elle.com\/index.php\/reconnective-healing\/","title":{"rendered":"Reconnective Healing\u00ae"},"content":{"rendered":"<p>Plus connu sous le nom de&nbsp;<strong>Soin Reconnectif<\/strong>&nbsp;(SR) ou&nbsp;<strong>r\u00e9\u00e9quilibrage \u00e9nerg\u00e9tique<\/strong>&nbsp;en Belgique.&nbsp;<strong>Reconnective Healing<\/strong>\u00ae (RH) est une s\u00e9ance de soin&nbsp;<strong>\u00e9nerg\u00e9tique globale &amp; compl\u00e9mentaire<\/strong>&nbsp;visant \u00e0 r\u00e9tablir un&nbsp;<strong>\u00e9quilibre<\/strong>&nbsp;dans le respect total de la personne.<\/p>\n<p>&nbsp;<\/p>\n<p>Aucun diagnostic, aucun traitement !<\/p>\n<p>Ces s\u00e9ances de&nbsp;<strong>Reconnective Healing<\/strong>\u00ae ne sont pas bas\u00e9es sur un&nbsp;<strong>diagnostic<\/strong>&nbsp;et ne travaillent pas \u00e0 partir de&nbsp;<strong>sympt\u00f4mes<\/strong>. Elles ne sont pas une th\u00e9rapie mais bien&nbsp;<strong>compl\u00e9mentaires<\/strong>&nbsp;pour un&nbsp;<strong>retour \u00e0 l\u2019\u00e9quilibre<\/strong>&nbsp;(1 \u00e0 4 s\u00e9ances).<\/p>\n<p>&nbsp;<\/p>\n<p>La praticienne va activer en vous un \u00e9tat de r\u00e9ceptivit\u00e9 aux fr\u00e9quences de <b>la Reconnexion<\/b>\u00ae. Ces fr\u00e9quences constitu\u00e9es d\u2019\u00e9nergie, de lumi\u00e8re et d\u2019informations vont agir sur diff\u00e9rents plans, l\u00e0 o\u00f9 la personne est pr\u00eate \u00e0 accueillir et \u00e0 accepter son&nbsp;<strong>r\u00e9\u00e9quilibrage<\/strong>&nbsp;qu\u2019il soit physique, mental, \u00e9motionnel ou spirituel. La praticienne ne suit pas de protocole. Elle ne touche pas la personne et ne parle pas pendant la s\u00e9ance. La personne est allong\u00e9e sur une table de massages, v\u00eatue, sur le dos.<\/p>\n<p>&nbsp;<\/p>\n<p>La s\u00e9ance en elle m\u00eame dure 30 minutes et se pratique soit en cabinet ou \u00e0 distance.<\/p>\n<p>Comptez au &nbsp;moins 60 minutes, afin de faire le point sur vos ressentis apr\u00e8s la s\u00e9ance.<\/p>\n<p>&nbsp;<\/p>\n<p>Aucune technique, aucun rituel\u2026seulement vous !<\/p>\n<p><strong>N.B.&nbsp;:<\/strong> <strong>Eric&nbsp;Pearl et toute personne associ\u00e9e \u00e0 ce travail, li\u00e9s mais non limit\u00e9s \u00e0&nbsp;la Reconnexion\u00ae et aux soins&nbsp;reconnectifs&nbsp;ne font aucune promesse ou d\u00e9claration, n\u2019offrent aucune garantie, ne posent aucun diagnostic, ni ne traitent aucun probl\u00e8me de sant\u00e9 particulier. Votre traitement m\u00e9dical et son suivi restent sous votre enti\u00e8re responsabilit\u00e9.<\/strong><\/p>\n<p>&nbsp;<\/p>\n","protected":false},"excerpt":{"rendered":"<p>Plus connu sous le nom de&nbsp;Soin Reconnectif&nbsp;(SR) ou&nbsp;r\u00e9\u00e9quilibrage \u00e9nerg\u00e9tique&nbsp;en Belgique.&nbsp;Reconnective Healing\u00ae (RH) est une s\u00e9ance de soin&nbsp;\u00e9nerg\u00e9tique globale &amp; compl\u00e9mentaire&nbsp;visant &hellip; <\/p>\n<p><a href=\"https:\/\/uni-vers-elle.com\/index.php\/reconnective-healing\/\" class=\"more-link\">Read More<\/a><\/p>\n","protected":false},"author":1,"featured_media":236,"parent":0,"menu_order":2,"comment_status":"closed","ping_status":"closed","template":"page-full.php","meta":{"_monsterinsights_skip_tracking":false,"_monsterinsights_sitenote_active":false,"_monsterinsights_sitenote_note":"","_monsterinsights_sitenote_category":0},"_links":{"self":[{"href":"https:\/\/uni-vers-elle.com\/index.php\/wp-json\/wp\/v2\/pages\/9"}],"collection":[{"href":"https:\/\/uni-vers-elle.com\/index.php\/wp-json\/wp\/v2\/pages"}],"about":[{"href":"https:\/\/uni-vers-elle.com\/index.php\/wp-json\/wp\/v2\/types\/page"}],"author":[{"embeddable":true,"href":"https:\/\/uni-vers-elle.com\/index.php\/wp-json\/wp\/v2\/users\/1"}],"replies":[{"embeddable":true,"href":"https:\/\/uni-vers-elle.com\/index.php\/wp-json\/wp\/v2\/comments?post=9"}],"version-history":[{"count":10,"href":"https:\/\/uni-vers-elle.com\/index.php\/wp-json\/wp\/v2\/pages\/9\/revisions"}],"predecessor-version":[{"id":708,"href":"https:\/\/uni-vers-elle.com\/index.php\/wp-json\/wp\/v2\/pages\/9\/revisions\/708"}],"wp:featuredmedia":[{"embeddable":true,"href":"https:\/\/uni-vers-elle.com\/index.php\/wp-json\/wp\/v2\/media\/236"}],"wp:attachment":[{"href":"https:\/\/uni-vers-elle.com\/index.php\/wp-json\/wp\/v2\/media?parent=9"}],"curies":[{"name":"wp","href":"https:\/\/api.w.org\/{rel}","templated":true}]}}