{"id":62,"date":"2017-02-21T15:59:21","date_gmt":"2017-02-21T14:59:21","guid":{"rendered":"http:\/\/uni-vers-elle.getb.be\/?page_id=62"},"modified":"2019-02-28T19:21:07","modified_gmt":"2019-02-28T18:21:07","slug":"a-propos","status":"publish","type":"page","link":"https:\/\/uni-vers-elle.com\/index.php\/a-propos\/","title":{"rendered":"\u00c0 propos"},"content":{"rendered":"<p>&nbsp;<\/p>\n<p><em>Ma rencontre avec les th\u00e9rapies alternatives remonte \u00e0 2003, lorsque certains \u00e9v\u00e9nements&nbsp;p\u00e9nibles de ma vie se sont accumul\u00e9s, et, o\u00f9 j&rsquo;ai failli sinc\u00e8rement perdre pied&#8230;<\/em><\/p>\n<p>Heureusement, j&rsquo;ai &nbsp;rencontr\u00e9 une personne exceptionnelle; une kin\u00e9siologue qui m&rsquo;a beaucoup aid\u00e9e \u00e0 retrouver le calme et l&rsquo;\u00e9quilibre perdu depuis tant de temps&#8230;.Chemin faisant, en 2008, je rencontre une autre th\u00e9rapeute tout aussi exceptionnelle&#8230;. Celle-ci pratique le Reconnective Healing<em>\u00ae et bien d&rsquo;autres techniques&#8230; C&rsquo;est elle qui me transmettra cette passion pour l\u2019\u00e9nerg\u00e9tique,&nbsp;elle m&rsquo;aidera aussi \u00e0 d\u00e9couvrir ce qu&rsquo;est l&rsquo;Amour Inconditionnel de Soi, et des autres bien entendu, car si on ne s&rsquo;aime pas soi-m\u00eame &#8230; comment peut-on aimer &nbsp;les autres ?&nbsp;<\/em><\/p>\n<p>Si j&rsquo;ai chang\u00e9 ? Et bien sinc\u00e8rement, je pense que oui ! Je sais enfin qui je suis, et j&rsquo;aime ce que je suis redevenue. En fait, lorsque vous commencez le chemin de votre propre d\u00e9veloppement personnel, vous ne devenez pas quelqu\u2019un d&rsquo;autre ! Vous redevenez qui vous vous \u00e9tiez lorsque vous avez choisi d&rsquo;arriver ici !<\/p>\n<p>Le changement, c&rsquo;est par chacun de nous qu&rsquo;il commence : par de petits gestes, de petites attentions, des choses qui ne co\u00fbtent rien : comme un sourire ou une parole douce, un remerciement, une excuse, un pardon accord\u00e9 malgr\u00e9 les douleurs v\u00e9cues&#8230;.<\/p>\n<p>Toute ma gratitude \u00e0 mes guides spirituel(les) , les amis qui me soutiennent, mes familles ( biologique et de c\u0153ur ) ainsi que toutes les personnes qui &nbsp;m&rsquo; accordent leur confiance.<\/p>\n<p>&nbsp;<\/p>\n<p><em>Certifi\u00e9e &nbsp;Praticienne du Reconnective Healing\u00ae depuis Octobre &nbsp;2016, j&rsquo;ai eu la chance d&rsquo;\u00eatre form\u00e9e par Eric Pearl lui m\u00eame, ainsi que sa fabuleuse \u00e9quipe \u00e0 B\u00e2le. (Suisse)<\/em><\/p>\n<p>Si j&rsquo;ai choisi de vous transmettre le RH c&rsquo;est avant tout parce que j&rsquo;ai essay\u00e9 pendant plusieurs ann\u00e9es d&rsquo;autres types de techniques dites \u00ab\u00a0quantiques\u00a0\u00bb ! Je parle ici de la globalit\u00e9 des techniques \u00e9nerg\u00e9tiques. Il n&rsquo;est pas ais\u00e9 de s&rsquo;y retrouver tellement c&rsquo;est l&rsquo;\u00e9mergence ! Perso, je crois que ce qui fait la diff\u00e9rence, c&rsquo;est le ou la th\u00e9rapeute, on accroche ou on accroche pas &#8230;. C&rsquo;est toujours une question de vibrations, c&rsquo;est tr\u00e8s personnel, nous sommes tous magn\u00e9tiques, et nous attirons \u00e0 nous les personnes qui nous correspondent. Lorsqu&rsquo;on \u00e9coute son c\u0153ur, on ne peut se tromper.<\/p>\n<p>Le Reconnective Healing est selon moi; &nbsp;la plus puissante, car l&rsquo;\u00e9nergie reste intacte, pure pendant la s\u00e9ance. Elle coule de la source \u00e0 travers le th\u00e9rapeute, puis vers la personne allong\u00e9e sur la table. Sans aucune intervention, technique ou &nbsp;proc\u00e9dure quelconque ! &nbsp;Juste un total \u00ab\u00a0l\u00e2cher prise\u00a0\u00bb de la part du \u00ab\u00a0r\u00e9cepteur\/\u00e9metteur\u00a0\u00bb pendant le processus de Reconnexion !!! Votre corps sait mieux que vous o\u00f9 moi, ce dont il a besoin ! Cette &nbsp;fabuleuse \u00e9nergie est d&rsquo;une intelligence extr\u00eame lorsqu&rsquo;on lui fait confiance et qu&rsquo;on lui ouvre la porte totalement. Les r\u00e9sultats se font vite ressentir&#8230; il n&rsquo;y a pas \u00e0 en douter&#8230;. on a pas besoin d&rsquo;y croire, ce n&rsquo;est aucunement une croyance ! C<strong>&lsquo;Est<\/strong>, &nbsp;tout simplement ! Aussi, suis-je &nbsp;persuad\u00e9e de son efficacit\u00e9 lorsqu&rsquo;on la laisse circuler dans son \u00e9tat pur et originel.<\/p>\n<p>Pardonnez-moi, mais, l&rsquo;\u00eatre humain a une f\u00e2cheuse tendance \u00e0 vouloir transformer et s&rsquo;approprier quelque chose qui appartient \u00e0 tous le monde ! Cette \u00e9nergie est Universelle et doit le rester pour toujours !<\/p>\n<p><em>D\u00e8s aujourd&rsquo;hui, je me mets au service des autres et de cette plan\u00e8te &nbsp;si merveilleuse&nbsp;sur laquelle nous avons la chance de vivre et d&rsquo;\u00e9voluer! Je sais que les petites contributions en Amour et en Conscience&nbsp;&nbsp;de chacun peuvent aider le Monde qui nous entoure \u00e0 changer. A changer pour de bon !&nbsp;<\/em><\/p>\n<p><em>Le RH est devenu ma raison d&rsquo;Etre, et, les causes ch\u00e8res \u00e0 mon c\u0153ur sont ; l&rsquo;autisme, la cause animale ; &nbsp;surtout les animaux sauvages en captivit\u00e9. Les jeunes enfants et les personnes seules en fin de vie ( Palliatif ). &nbsp;<\/em><\/p>\n<p><em>&nbsp;Mes r\u00eaves vous semblent peut-\u00eatre fantasques, mais ils sont miens. Je compte bien y mettre tout mon amour et mon \u00e9nergie d\u00e9bordante pour les r\u00e9aliser.<\/em><\/p>\n<p>Avec toute mon \u00e2me en conscience, et du plus profond de mon c\u0153ur,<\/p>\n<p>Merci,<\/p>\n<p>Marie-Isabelle<\/p>\n<p>&nbsp;<\/p>\n<p>&nbsp;<\/p>\n<p>&nbsp;<\/p>\n<p><span style=\"text-decoration: underline;\">Quelques liens utiles<\/span><\/p>\n<p><a href=\"http:\/\/www.thereconnection.com\/\"><img loading=\"lazy\" class=\"alignnone size-medium wp-image-156\" src=\"http:\/\/uni-vers-elle.getb.be\/wp-content\/uploads\/2017\/02\/thereconnection-logo-300x86.png\" alt=\"\" width=\"300\" height=\"86\" srcset=\"https:\/\/uni-vers-elle.com\/wp-content\/uploads\/2017\/02\/thereconnection-logo-300x86.png 300w, https:\/\/uni-vers-elle.com\/wp-content\/uploads\/2017\/02\/thereconnection-logo.png 700w\" sizes=\"(max-width: 300px) 100vw, 300px\" \/><\/a><\/p>\n<p><a href=\"http:\/\/www.afplr.fr\/\"><img loading=\"lazy\" class=\"alignnone size-medium wp-image-155\" src=\"http:\/\/uni-vers-elle.getb.be\/wp-content\/uploads\/2017\/02\/logo-afpl-300x111.png\" alt=\"\" width=\"300\" height=\"111\" srcset=\"https:\/\/uni-vers-elle.com\/wp-content\/uploads\/2017\/02\/logo-afpl-300x111.png 300w, https:\/\/uni-vers-elle.com\/wp-content\/uploads\/2017\/02\/logo-afpl.png 500w\" sizes=\"(max-width: 300px) 100vw, 300px\" \/><\/a><\/p>\n\n\n<p><\/p>\n","protected":false},"excerpt":{"rendered":"<p>&nbsp; Ma rencontre avec les th\u00e9rapies alternatives remonte \u00e0 2003, lorsque certains \u00e9v\u00e9nements&nbsp;p\u00e9nibles de ma vie se sont accumul\u00e9s, et, &hellip; <\/p>\n<p><a href=\"https:\/\/uni-vers-elle.com\/index.php\/a-propos\/\" class=\"more-link\">Read More<\/a><\/p>\n","protected":false},"author":1,"featured_media":242,"parent":0,"menu_order":4,"comment_status":"closed","ping_status":"closed","template":"about.php","meta":{"_monsterinsights_skip_tracking":false,"_monsterinsights_sitenote_active":false,"_monsterinsights_sitenote_note":"","_monsterinsights_sitenote_category":0},"_links":{"self":[{"href":"https:\/\/uni-vers-elle.com\/index.php\/wp-json\/wp\/v2\/pages\/62"}],"collection":[{"href":"https:\/\/uni-vers-elle.com\/index.php\/wp-json\/wp\/v2\/pages"}],"about":[{"href":"https:\/\/uni-vers-elle.com\/index.php\/wp-json\/wp\/v2\/types\/page"}],"author":[{"embeddable":true,"href":"https:\/\/uni-vers-elle.com\/index.php\/wp-json\/wp\/v2\/users\/1"}],"replies":[{"embeddable":true,"href":"https:\/\/uni-vers-elle.com\/index.php\/wp-json\/wp\/v2\/comments?post=62"}],"version-history":[{"count":35,"href":"https:\/\/uni-vers-elle.com\/index.php\/wp-json\/wp\/v2\/pages\/62\/revisions"}],"predecessor-version":[{"id":794,"href":"https:\/\/uni-vers-elle.com\/index.php\/wp-json\/wp\/v2\/pages\/62\/revisions\/794"}],"wp:featuredmedia":[{"embeddable":true,"href":"https:\/\/uni-vers-elle.com\/index.php\/wp-json\/wp\/v2\/media\/242"}],"wp:attachment":[{"href":"https:\/\/uni-vers-elle.com\/index.php\/wp-json\/wp\/v2\/media?parent=62"}],"curies":[{"name":"wp","href":"https:\/\/api.w.org\/{rel}","templated":true}]}}