{"id":555,"date":"2017-04-19T14:04:21","date_gmt":"2017-04-19T12:04:21","guid":{"rendered":"http:\/\/uni-vers-elle.getb.be\/?page_id=555"},"modified":"2020-03-02T10:33:22","modified_gmt":"2020-03-02T09:33:22","slug":"reconnective-healing-pour-performer","status":"publish","type":"page","link":"https:\/\/uni-vers-elle.com\/index.php\/reconnective-healing-pour-performer\/","title":{"rendered":"Activation de vos Spirales, vos G\u00e9om\u00e9tries Sacr\u00e9es"},"content":{"rendered":"<p>Depuis la nuit des temps la G\u00e9om\u00e9trie de Ga\u00efa,( sa carte \u00e9nerg\u00e9tique : kundalini-chakras ect ) en constante corr\u00e9lation avec celle de l&rsquo;Univers ne cesse de se transformer !<br \/>\nC&rsquo;est toute notre plan\u00e8te et la totalit\u00e9 des R\u00e8gnes qui vivent \u00e0 sa surface entre autre, qui ont subi ces grosses transmutations.<\/p>\n<p>Ce 12\/12\/2019 elle a termin\u00e9 ces derni\u00e8res grosses mises \u00e0 jour* pour ouvrir la Porte \u00e0 ce nouveau cycle que nous entamons avec l&rsquo;arriv\u00e9e de 2020.<\/p>\n<p>( *Ces mises \u00e0 jour \u00e9videmment vont continuer et s&rsquo;amplifier avec les nouveaux influx entrants , car l&rsquo;Univers, l&rsquo;Omnivers est loin d&rsquo;avoir termin\u00e9 sa grande transformation !)<\/p>\n<p>Nous sommes tous conscients d\u00e9sormais de sa vastitude.<\/p>\n<p>Notre propre G\u00e9om\u00e9trie Sacr\u00e9e, notre Spirale comme je la visionne personnellement, a elle aussi subit ces changements !<br \/>\nBien \u00e9videmment, chaque personne re\u00e7oit ces mises \u00e0 jour en fonction de ce que sa structure \u00e9nerg\u00e9tique peut accueillir.<br \/>\nMais vous pouvez n\u00e9anmoins soutenir tous vos corps, afin que ces mises \u00e0 jours s&rsquo;op\u00e8rent de fa\u00e7on plus consciente et harmonieuse.<br \/>\nC &lsquo;est pour cela que je vous propose cette activation, d\u00e9sormais en cabinet.<br \/>\n(aussi lors des m\u00e9ditations\/activations et r\u00e9\u00e9quilibrages en groupe.)<br \/>\nLes p\u00e9riodes les plus propices \u00e0 cette activation \u00e9tant les Solstices, je vous dirais n\u00e9anmoins qu&rsquo; avec la Physique Quantique le moment que vous choisirez sera de toute fa\u00e7on le meilleur choix pour vous personnellement.<\/p>\n<p>L&rsquo;activation dure environ 45 minutes.<br \/>\nJe vous accompagne pendant ce voyage, cette M\u00e9ditation Quantique, o\u00f9 les fr\u00e9quences de Reconnective Healing vous soutiennent pendant tout le processus de mise \u00e0 jour !<br \/>\nC&rsquo;est vous qui dirigez l&rsquo;orchestre, cela se passe \u00e0 votre propre rythme, en douceur et dans le total respect de ce que vous \u00eates!<\/p>\n<p>Pr\u00e9requis : 2\/3 s\u00e9ances de RH au pr\u00e9alable<br \/>\nOK pour les th\u00e9rapeutes \u00e9nerg\u00e9ticiens<\/p>\n<p>Nb : Ces activations n&rsquo;interf\u00e8rent\u00a0 et ne remplacent en rien vos traitements m\u00e9dicamenteux.<\/p>\n<p>Vous \u00eates seul responsable de votre suivi m\u00e9dical quel qu&rsquo;il soit.<\/p>\n","protected":false},"excerpt":{"rendered":"<p>Depuis la nuit des temps la G\u00e9om\u00e9trie de Ga\u00efa,( sa carte \u00e9nerg\u00e9tique : kundalini-chakras ect ) en constante corr\u00e9lation avec &hellip; <\/p>\n<p><a href=\"https:\/\/uni-vers-elle.com\/index.php\/reconnective-healing-pour-performer\/\" class=\"more-link\">Read More<\/a><\/p>\n","protected":false},"author":2,"featured_media":864,"parent":0,"menu_order":0,"comment_status":"closed","ping_status":"closed","template":"page-full.php","meta":{"_monsterinsights_skip_tracking":false,"_monsterinsights_sitenote_active":false,"_monsterinsights_sitenote_note":"","_monsterinsights_sitenote_category":0},"_links":{"self":[{"href":"https:\/\/uni-vers-elle.com\/index.php\/wp-json\/wp\/v2\/pages\/555"}],"collection":[{"href":"https:\/\/uni-vers-elle.com\/index.php\/wp-json\/wp\/v2\/pages"}],"about":[{"href":"https:\/\/uni-vers-elle.com\/index.php\/wp-json\/wp\/v2\/types\/page"}],"author":[{"embeddable":true,"href":"https:\/\/uni-vers-elle.com\/index.php\/wp-json\/wp\/v2\/users\/2"}],"replies":[{"embeddable":true,"href":"https:\/\/uni-vers-elle.com\/index.php\/wp-json\/wp\/v2\/comments?post=555"}],"version-history":[{"count":8,"href":"https:\/\/uni-vers-elle.com\/index.php\/wp-json\/wp\/v2\/pages\/555\/revisions"}],"predecessor-version":[{"id":877,"href":"https:\/\/uni-vers-elle.com\/index.php\/wp-json\/wp\/v2\/pages\/555\/revisions\/877"}],"wp:featuredmedia":[{"embeddable":true,"href":"https:\/\/uni-vers-elle.com\/index.php\/wp-json\/wp\/v2\/media\/864"}],"wp:attachment":[{"href":"https:\/\/uni-vers-elle.com\/index.php\/wp-json\/wp\/v2\/media?parent=555"}],"curies":[{"name":"wp","href":"https:\/\/api.w.org\/{rel}","templated":true}]}}