{"id":542,"date":"2017-04-18T19:41:09","date_gmt":"2017-04-18T17:41:09","guid":{"rendered":"http:\/\/uni-vers-elle.getb.be\/?page_id=542"},"modified":"2020-12-30T14:10:25","modified_gmt":"2020-12-30T13:10:25","slug":"seance-de-reconnexion","status":"publish","type":"page","link":"https:\/\/uni-vers-elle.com\/index.php\/seance-de-reconnexion\/","title":{"rendered":"Votre Reconnexion\u00ae Personnelle&#8230;Disponible d\u00e8s Janvier 2020 !"},"content":{"rendered":"<p><strong>La Reconnexion<\/strong>\u00ae<\/p>\n<p>\u00c0 l\u2019origine, les m\u00e9ridiens de notre corps, parfois appel\u00e9s lignes d\u2019acupuncture, \u00e9taient connect\u00e9s aux lignes de la grille qui entoure la plan\u00e8te. Les lignes de ce r\u00e9seau ont \u00e9t\u00e9 con\u00e7ues pour se prolonger et nous connecter \u00e0 une grille beaucoup plus grande, qui nous relie \u00e0 l\u2019univers entier. Nous avons perdu la connexion \u00e0 ces lignes au fil du temps.<\/p>\n<p>La Reconnexion\u00ae fait appel \u00e0 de \u00ab nouvelles \u00bb lignes axiatonales qui nous permettent de nous ajuster \u00e0 des niveaux vibratoires et \u00e0 des fr\u00e9quences uniques favorisant la gu\u00e9rison et, finalement, notre \u00e9volution. Ces lignes axiatonales font partie d\u2019un r\u00e9seau d\u2019intelligence intemporel, un syst\u00e8me circulatoire \u00e9nerg\u00e9tique d\u2019une dimension parall\u00e8le qui alimente les fonctions r\u00e9g\u00e9n\u00e9ratrices du corps humain.<\/p>\n<p>La Reconnexion\u00ae fait appel \u00e0 ces nouvelles lignes et les active, permettant ainsi un \u00e9change d\u2019\u00e9nergie, de lumi\u00e8re et d\u2019information, la reconnexion de brins d\u2019ADN et la r\u00e9int\u00e9gration de \u00ab cordes \u00bb (plans d\u2019existence simultan\u00e9s ou parall\u00e8les).<\/p>\n<p>Bien que ce ne soit pas obligatoire, il est conseill\u00e9 de recevoir de une \u00e0 trois s\u00e9ances de Reconnective Healing\u00ae avant de recevoir votre Reconnexion\u00ae.<\/p>\n<p>Consultez votre praticien(ne) pour de plus amples renseignements.<\/p>\n<h2>Que signifie Recevoir sa Reconnexion\u00ae\u00a0?<\/h2>\n<p>Comme expliqu\u00e9 ci-dessus, recevoir sa <strong>Reconnexion\u00ae<\/strong> est un <strong>processus d\u2019\u00e9l\u00e9vation vibratoire, un processus d\u2019ouverture de conscience, une d\u00e9marche d\u2019\u00e9volution personnelle<\/strong>. Vous serez reli\u00e9 avec une forte acc\u00e9l\u00e9ration \u00e0 votre chemin de <strong>VIE<\/strong>. Un des grands avantages de La Reconnexion est qu\u2019elle ne se re\u00e7oit qu\u2019une seule fois dans sa vie. Elle nous permet de nous reconnecter avec l\u2019univers, l\u2019essence, la v\u00e9rit\u00e9, la lumi\u00e8re et l\u2019esprit de ce que nous sommes vraiment, pour que nous puissions devenir nous-m\u00eames, sans limite, devenir notre v\u00e9ritable \u00ab <strong>MOI<\/strong> \u00bb, devenir ce que l\u2019on est suppos\u00e9 <strong>\u00caTRE<\/strong>.<\/p>\n<p>La Reconnexion\u00ae est un \u00e9change acc\u00e9l\u00e9r\u00e9 d\u2019\u00e9nergie, de lumi\u00e8re et d\u2019information. La Reconnexion\u00ae est une exp\u00e9rience unique dans une vie qui nous lie de nouveau \u00e0 un syst\u00e8me intemporel de l\u2019intelligence.<\/p>\n<blockquote><p>Cette d\u00e9cision de recevoir sa Reconnexion\u00ae se prend avec votre c\u0153ur, et non avec votre mental, \u00e9coutez bien votre c\u0153ur !<\/p><\/blockquote>\n<p>Cette approche se d\u00e9roule en deux s\u00e9ances cons\u00e9cutives espac\u00e9es d\u2019un cycle de sommeil ou de une \u00e0 deux journ\u00e9es maxi (elle ne peut se donner \u00e0 distance). Lors des 2 s\u00e9ances la praticienne ne touche pas la personne, ne parle pas, mais suit un protocole li\u00e9 aux m\u00e9ridiens et \u00e0 quelques points d\u2019acupuncture.<\/p>\n<p>La personne est allong\u00e9e sur une table \u00e0 massages, v\u00eatue, sur le dos.<\/p>\n<blockquote><p>Chaque personne est diff\u00e9rente, chaque exp\u00e9rience aussi.<\/p><\/blockquote>\n<p>Il est possible que vous ressentiez certains effets identiques \u00e0 ceux ressentis pendant les s\u00e9ances de <a href=\"http:\/\/uni-vers-elle.getb.be\/index.php\/seance-de-reconnective-healing\/\"><strong>Reconnective Healing<\/strong>\u00ae<\/a>. Mais il est aussi possible que vous ne ressentiez rien durant les s\u00e9ances et que vous vous soyez m\u00eame endormi. Cela ne veut pas dire que La Reconnexion n\u2019a pas \u00e9t\u00e9 effectu\u00e9e.<\/p>\n<h2>Pour qui ?<\/h2>\n<p>Pour toutes les personnes qui d\u00e9sirent de r\u00e9elles transformations significatives dans leur <strong>vie<\/strong>, leur <strong>relation<\/strong>, leur <strong>sant\u00e9<\/strong>. Qui se sentent \u00e0 la crois\u00e9e de leur chemin et qui sont en qu\u00eate d\u2019\u00e9volution personnelle et spirituelle. Cette d\u00e9marche vous permettra de devenir compl\u00e8tement <strong>vous<\/strong>, de devenir ce que vous \u00eates suppos\u00e9 <strong>\u00caTRE<\/strong>.<\/p>\n<blockquote><p>C\u2019est en se changeant soi-m\u00eame, que l\u2019on changera le monde.<\/p><\/blockquote>\n<p>Prix : 333 \u20ac les deux s\u00e9ances ( voir conditions)<\/p>\n<p>Au cabinet uniquement !<\/p>\n<p>Vous souhaitez de plus amples informations :<a href=\"http:\/\/uni-vers-elle.getb.be\/index.php\/contacts\/\"> contactez moi<\/a><\/p>\n<div>\n<h2>Compl\u00e9mentarit\u00e9 avec les traitements m\u00e9dicaux<\/h2>\n<\/div>\n<div>La Reconnexion personnelle est parfaitement compl\u00e9mentaire avec la m\u00e9decine occidentale (et les m\u00e9decines dites alternatives), dont elle renforce l\u2019action. Soulignons qu\u2019elle ne peut en aucun cas se substituer \u00e0 un traitement m\u00e9dical (existant ou \u00e0 venir). La Reconnexion ne se r\u00e9f\u00e8re \u00e0 aucune religion, aucune philosophie ou pratique curative existante.<\/div>\n<div><\/div>\n<div>S\u2019il n\u2019existe aucune contre-indication ou effet secondaire n\u00e9gatif enregistr\u00e9s \u00e0 ce jour, il convient de signaler que certaines manifestations \u00e9nerg\u00e9tiques peuvent appara\u00eetre dans les jours qui suivent la Reconnexion (fatigue, excitation, songes, douleurs musculaires temporaires, \u00e9tourdissement\u2026)<\/div>\n<p><strong>N.B.\u00a0:<\/strong> <strong>Eric\u00a0Pearl et toute personne associ\u00e9e \u00e0 ce travail, li\u00e9s mais non limit\u00e9s \u00e0\u00a0la Reconnexion\u00ae et aux soins\u00a0reconnectifs\u00a0ne font aucune promesse ou d\u00e9claration, n\u2019offrent aucune garantie, ne posent aucun diagnostic, ni ne traitent aucun probl\u00e8me de sant\u00e9 particulier. Votre traitement m\u00e9dical et son suivi restent sous votre enti\u00e8re responsabilit\u00e9.<\/strong><\/p>\n","protected":false},"excerpt":{"rendered":"<p>La Reconnexion\u00ae \u00c0 l\u2019origine, les m\u00e9ridiens de notre corps, parfois appel\u00e9s lignes d\u2019acupuncture, \u00e9taient connect\u00e9s aux lignes de la grille &hellip; <\/p>\n<p><a href=\"https:\/\/uni-vers-elle.com\/index.php\/seance-de-reconnexion\/\" class=\"more-link\">Read More<\/a><\/p>\n","protected":false},"author":1,"featured_media":238,"parent":0,"menu_order":0,"comment_status":"closed","ping_status":"closed","template":"page-full.php","meta":{"_monsterinsights_skip_tracking":false,"_monsterinsights_sitenote_active":false,"_monsterinsights_sitenote_note":"","_monsterinsights_sitenote_category":0},"_links":{"self":[{"href":"https:\/\/uni-vers-elle.com\/index.php\/wp-json\/wp\/v2\/pages\/542"}],"collection":[{"href":"https:\/\/uni-vers-elle.com\/index.php\/wp-json\/wp\/v2\/pages"}],"about":[{"href":"https:\/\/uni-vers-elle.com\/index.php\/wp-json\/wp\/v2\/types\/page"}],"author":[{"embeddable":true,"href":"https:\/\/uni-vers-elle.com\/index.php\/wp-json\/wp\/v2\/users\/1"}],"replies":[{"embeddable":true,"href":"https:\/\/uni-vers-elle.com\/index.php\/wp-json\/wp\/v2\/comments?post=542"}],"version-history":[{"count":10,"href":"https:\/\/uni-vers-elle.com\/index.php\/wp-json\/wp\/v2\/pages\/542\/revisions"}],"predecessor-version":[{"id":1065,"href":"https:\/\/uni-vers-elle.com\/index.php\/wp-json\/wp\/v2\/pages\/542\/revisions\/1065"}],"wp:featuredmedia":[{"embeddable":true,"href":"https:\/\/uni-vers-elle.com\/index.php\/wp-json\/wp\/v2\/media\/238"}],"wp:attachment":[{"href":"https:\/\/uni-vers-elle.com\/index.php\/wp-json\/wp\/v2\/media?parent=542"}],"curies":[{"name":"wp","href":"https:\/\/api.w.org\/{rel}","templated":true}]}}