{"id":462,"date":"2017-03-26T21:19:44","date_gmt":"2017-03-26T19:19:44","guid":{"rendered":"http:\/\/uni-vers-elle.getb.be\/?page_id=462"},"modified":"2020-12-30T14:38:10","modified_gmt":"2020-12-30T13:38:10","slug":"seance-rh-pour-enfants","status":"publish","type":"page","link":"https:\/\/uni-vers-elle.com\/index.php\/seance-rh-pour-enfants\/","title":{"rendered":"S\u00e9ance RH\u00ae pour enfants"},"content":{"rendered":"<p>Selon les nombreux retours de s\u00e9ances il semble que le retour \u00e0 l&rsquo;harmonie se fait tr\u00e8s rapidement avec les enfants.<\/p>\n<p>Il n&rsquo;est pas rare que d\u00e9j\u00e0 apr\u00e8s une seule s\u00e9ance, les parents se rendent compte de l&rsquo;am\u00e9lioration. Je tiens juste a sp\u00e9cifier, que bien souvent; les enfants s\u2019impr\u00e8gnent des tensions qui surgissent au sein de la famille. Jusqu&rsquo;\u00e0 l&rsquo;age de sept ans, ils sont de vraies \u00e9ponges \u00e9motionnelles. M\u00eame si vous pensez qu&rsquo;ils ne remarquent rien, ou n&rsquo;entendent rien &#8230;.C&rsquo;est v\u00e9ritablement un leurre !<\/p>\n<p>Prix :<\/p>\n<p>Pour les enfants de la naissance\u00a0 \u00e0 12 ans : 50 \u20ac la s\u00e9ance<\/p>\n<p>12 ans et plus : 70 \u20ac la s\u00e9ance<\/p>\n<p>Possibilit\u00e9 de travailler \u00e0 distance si d\u00e9j\u00e0 vu pr\u00e9alablement et toujours en pr\u00e9sence et avec l&rsquo;accord des parents : 50\/70 \u20ac la s\u00e9ance ( d\u00e9briefing demand\u00e9 apr\u00e8s chaque s\u00e9ance )<\/p>\n","protected":false},"excerpt":{"rendered":"<p>Selon les nombreux retours de s\u00e9ances il semble que le retour \u00e0 l&rsquo;harmonie se fait tr\u00e8s rapidement avec les enfants. &hellip; <\/p>\n<p><a href=\"https:\/\/uni-vers-elle.com\/index.php\/seance-rh-pour-enfants\/\" class=\"more-link\">Read More<\/a><\/p>\n","protected":false},"author":1,"featured_media":397,"parent":0,"menu_order":0,"comment_status":"closed","ping_status":"closed","template":"page-full.php","meta":{"_monsterinsights_skip_tracking":false,"_monsterinsights_sitenote_active":false,"_monsterinsights_sitenote_note":"","_monsterinsights_sitenote_category":0},"_links":{"self":[{"href":"https:\/\/uni-vers-elle.com\/index.php\/wp-json\/wp\/v2\/pages\/462"}],"collection":[{"href":"https:\/\/uni-vers-elle.com\/index.php\/wp-json\/wp\/v2\/pages"}],"about":[{"href":"https:\/\/uni-vers-elle.com\/index.php\/wp-json\/wp\/v2\/types\/page"}],"author":[{"embeddable":true,"href":"https:\/\/uni-vers-elle.com\/index.php\/wp-json\/wp\/v2\/users\/1"}],"replies":[{"embeddable":true,"href":"https:\/\/uni-vers-elle.com\/index.php\/wp-json\/wp\/v2\/comments?post=462"}],"version-history":[{"count":8,"href":"https:\/\/uni-vers-elle.com\/index.php\/wp-json\/wp\/v2\/pages\/462\/revisions"}],"predecessor-version":[{"id":1072,"href":"https:\/\/uni-vers-elle.com\/index.php\/wp-json\/wp\/v2\/pages\/462\/revisions\/1072"}],"wp:featuredmedia":[{"embeddable":true,"href":"https:\/\/uni-vers-elle.com\/index.php\/wp-json\/wp\/v2\/media\/397"}],"wp:attachment":[{"href":"https:\/\/uni-vers-elle.com\/index.php\/wp-json\/wp\/v2\/media?parent=462"}],"curies":[{"name":"wp","href":"https:\/\/api.w.org\/{rel}","templated":true}]}}