{"id":309,"date":"2017-03-06T21:50:53","date_gmt":"2017-03-06T20:50:53","guid":{"rendered":"http:\/\/uni-vers-elle.getb.be\/?page_id=309"},"modified":"2020-12-30T14:35:58","modified_gmt":"2020-12-30T13:35:58","slug":"seance-rh-pour-animaux-de-compagnie","status":"publish","type":"page","link":"https:\/\/uni-vers-elle.com\/index.php\/seance-rh-pour-animaux-de-compagnie\/","title":{"rendered":"S\u00e9ance RH\u00ae pour animaux de compagnie"},"content":{"rendered":"<p>Reconnective Healing\u00ae pour eux ?<\/p>\n<p>Au m\u00eame titre que nous, nos fid\u00e8les compagnons ont eux aussi besoin de \u00ab\u00a0r\u00e9ajustements\u00a0\u00bb.M\u00eame si la plupart du temps, ils ont une meilleure facult\u00e9 d&rsquo;auto-gu\u00e9rison que nous, ils n\u2019en restent pas moins tr\u00e8s expos\u00e9s \u00e0 nos propres stress. L&rsquo;animal joue un r\u00f4le essentiel dans la vie d&rsquo;une famille, il est tel une \u00e9ponge de part l&rsquo;Amour inconditionnel qu&rsquo;il nous voue.<\/p>\n<p>Leur sant\u00e9 peut parfois tr\u00e8s vite d\u00e9cliner, car ils n&rsquo;arrivent pas toujours \u00e0 se d\u00e9barrasser naturellement des \u00ab\u00a0toxines\u00a0\u00bb enlev\u00e9es \u00e0 leurs ma\u00eetres, et accumul\u00e9es dans leurs propres corps ( champs \u00e9nerg\u00e9tique ). Tous types de soucis peuvent \u00eatre am\u00e9lior\u00e9s avec les s\u00e9ances de Reconnective Healing\u00ae : comportements, maladies diverses, traumatismes anciens ou r\u00e9cents\u00a0 y compris !<\/p>\n<p>Avec l&rsquo;animal il n&rsquo;y a rien de psychosomatique !<\/p>\n<p>Prix : 50 \u20ac la s\u00e9ance <strong>( ce prix inclus deux mises \u00e0 jour de suivi si n\u00e9cessaire )<\/strong><\/p>\n<p>Ajoutez 0,35 cent\/km pour les d\u00e9placements<\/p>\n<p>Peut aussi \u00eatre donn\u00e9 \u00e0 distance au m\u00eame tarif si paiement effectu\u00e9 \u00e0 l&rsquo; avance\u00a0 (<a href=\"http:\/\/uni-vers-elle.getb.be\/index.php\/contacts\/\"><b>plus d&rsquo;infos<\/b><\/a>)<\/p>\n","protected":false},"excerpt":{"rendered":"<p>Reconnective Healing\u00ae pour eux ? Au m\u00eame titre que nous, nos fid\u00e8les compagnons ont eux aussi besoin de \u00ab\u00a0r\u00e9ajustements\u00a0\u00bb.M\u00eame si &hellip; <\/p>\n<p><a href=\"https:\/\/uni-vers-elle.com\/index.php\/seance-rh-pour-animaux-de-compagnie\/\" class=\"more-link\">Read More<\/a><\/p>\n","protected":false},"author":1,"featured_media":253,"parent":0,"menu_order":0,"comment_status":"closed","ping_status":"closed","template":"page-full.php","meta":{"_monsterinsights_skip_tracking":false,"_monsterinsights_sitenote_active":false,"_monsterinsights_sitenote_note":"","_monsterinsights_sitenote_category":0},"_links":{"self":[{"href":"https:\/\/uni-vers-elle.com\/index.php\/wp-json\/wp\/v2\/pages\/309"}],"collection":[{"href":"https:\/\/uni-vers-elle.com\/index.php\/wp-json\/wp\/v2\/pages"}],"about":[{"href":"https:\/\/uni-vers-elle.com\/index.php\/wp-json\/wp\/v2\/types\/page"}],"author":[{"embeddable":true,"href":"https:\/\/uni-vers-elle.com\/index.php\/wp-json\/wp\/v2\/users\/1"}],"replies":[{"embeddable":true,"href":"https:\/\/uni-vers-elle.com\/index.php\/wp-json\/wp\/v2\/comments?post=309"}],"version-history":[{"count":11,"href":"https:\/\/uni-vers-elle.com\/index.php\/wp-json\/wp\/v2\/pages\/309\/revisions"}],"predecessor-version":[{"id":1071,"href":"https:\/\/uni-vers-elle.com\/index.php\/wp-json\/wp\/v2\/pages\/309\/revisions\/1071"}],"wp:featuredmedia":[{"embeddable":true,"href":"https:\/\/uni-vers-elle.com\/index.php\/wp-json\/wp\/v2\/media\/253"}],"wp:attachment":[{"href":"https:\/\/uni-vers-elle.com\/index.php\/wp-json\/wp\/v2\/media?parent=309"}],"curies":[{"name":"wp","href":"https:\/\/api.w.org\/{rel}","templated":true}]}}