{"id":214,"date":"2017-03-02T17:29:02","date_gmt":"2017-03-02T16:29:02","guid":{"rendered":"http:\/\/uni-vers-elle.getb.be\/?page_id=214"},"modified":"2017-03-03T19:35:45","modified_gmt":"2017-03-03T18:35:45","slug":"nouvelles-energies","status":"publish","type":"page","link":"https:\/\/uni-vers-elle.com\/index.php\/reconnective-healing\/nouvelles-energies\/","title":{"rendered":"Nouvelles Energies ?"},"content":{"rendered":"<p><strong>La nouvelle \u00e9nergie est disponible pour ceux qui en font le choix <\/strong><\/p>\n<p>&nbsp;<\/p>\n<p>En 1987 lors de la\u00a0<strong>Convergence Harmonique<\/strong>\u00a0la conscience collective de l\u2019humanit\u00e9 a \u00e9t\u00e9 consult\u00e9e quant au futur de la plan\u00e8te. Il y avait au moins deux possibilit\u00e9s: la premi\u00e8re \u00e9tait d\u2019aller vers ce que beaucoup de voyants pr\u00e9disaient pour l\u2019ann\u00e9e 2000: l\u2019Armageddon ou la fin du monde.<\/p>\n<p>L\u2019autre impliquait un changement de paradigme et le relais des torches pour ancrer dans la plan\u00e8te la Nouvelle Energie, une \u00e9nergie d\u2019Unit\u00e9 et d\u2019Universalit\u00e9.<\/p>\n<p>La\u00a0<strong>Nouvelle Energie\u00a0<\/strong>a pr\u00e9cipit\u00e9 la naissance d\u2019une Nouvelle Terre.<\/p>\n<p>Comment? Par le changement de\u00a0 la Grille Magn\u00e9tique de la Plan\u00e8te. La Grille Magn\u00e9tique est un r\u00e9seau de communication avec l\u2019ADN humain. Elle\u00a0 f\u00fbt cr\u00e9\u00e9e \u00e0 cet effet par nous-m\u00eames, bien avant de peupler la terre.<\/p>\n<p>L\u2018\u00e9quilibre entre lumi\u00e8re (conscience) et obscurit\u00e9 (inconscience) de la Grille f\u00fbt chang\u00e9 radicalement\u00a0 pour que l\u2019ADN puisse recevoir une \u00e9nergie de\u00a0<strong>Ma\u00eetrise<\/strong>. Le corps \u00e9nerg\u00e9tique de la Plan\u00e8te \u00e9volua pour qu\u2019elle soutienne plus de conscience, ce qui entra\u00eena la naissance du\u00a0<strong>Nouvel Humain ou l\u2019Humain Universel<\/strong>.<\/p>\n<p><strong>Le Nouvel Humain ou l\u2019Humain Universel<\/strong>\u00a0a eu aussi besoin de se transformer et fortifier son anatomie \u00e9nerg\u00e9tique, puisque soutenir plus d\u2019\u00e9nergie de n\u00f4tre essence divine est \u00e9quivalent \u00e0 passer d\u2019une \u00e9nergie de \u00ab110 W \u00e0 220 W\u00bb.\u00a0<strong>Le Nouvel Humain<\/strong>\u00a0a donc d\u00e9velopp\u00e9 sa propre\u00a0<strong>Grille Individuelle<\/strong>\u00a0 qui est actuellement en \u00e9volution et continue \u00e0 se d\u00e9velopper au fur et \u00e0 mesure que nous sommes capables de soutenir plus de n\u00f4tre lumi\u00e8re. La communication entre l \u2018Homme et l\u2019Univers s\u2019est finalement r\u00e9tablie avec la possibilit\u00e9 de r\u00e9veiller nos m\u00e9moires et n\u00f4tre pouvoir int\u00e9rieur. Ceci est disponible pour ceux qui en font le choix.<\/p>\n<p>Tent\u00e9 ? Je vous emm\u00e8ne jusqu&rsquo;\u00e0 la porte !<\/p>\n<p><strong>\u00a0<\/strong><\/p>\n<p>&#8230;<\/p>\n","protected":false},"excerpt":{"rendered":"<p>La nouvelle \u00e9nergie est disponible pour ceux qui en font le choix &nbsp; En 1987 lors de la\u00a0Convergence Harmonique\u00a0la conscience &hellip; <\/p>\n<p><a href=\"https:\/\/uni-vers-elle.com\/index.php\/reconnective-healing\/nouvelles-energies\/\" class=\"more-link\">Read More<\/a><\/p>\n","protected":false},"author":1,"featured_media":238,"parent":9,"menu_order":0,"comment_status":"closed","ping_status":"closed","template":"page-full.php","meta":{"_monsterinsights_skip_tracking":false,"_monsterinsights_sitenote_active":false,"_monsterinsights_sitenote_note":"","_monsterinsights_sitenote_category":0},"_links":{"self":[{"href":"https:\/\/uni-vers-elle.com\/index.php\/wp-json\/wp\/v2\/pages\/214"}],"collection":[{"href":"https:\/\/uni-vers-elle.com\/index.php\/wp-json\/wp\/v2\/pages"}],"about":[{"href":"https:\/\/uni-vers-elle.com\/index.php\/wp-json\/wp\/v2\/types\/page"}],"author":[{"embeddable":true,"href":"https:\/\/uni-vers-elle.com\/index.php\/wp-json\/wp\/v2\/users\/1"}],"replies":[{"embeddable":true,"href":"https:\/\/uni-vers-elle.com\/index.php\/wp-json\/wp\/v2\/comments?post=214"}],"version-history":[{"count":5,"href":"https:\/\/uni-vers-elle.com\/index.php\/wp-json\/wp\/v2\/pages\/214\/revisions"}],"predecessor-version":[{"id":292,"href":"https:\/\/uni-vers-elle.com\/index.php\/wp-json\/wp\/v2\/pages\/214\/revisions\/292"}],"up":[{"embeddable":true,"href":"https:\/\/uni-vers-elle.com\/index.php\/wp-json\/wp\/v2\/pages\/9"}],"wp:featuredmedia":[{"embeddable":true,"href":"https:\/\/uni-vers-elle.com\/index.php\/wp-json\/wp\/v2\/media\/238"}],"wp:attachment":[{"href":"https:\/\/uni-vers-elle.com\/index.php\/wp-json\/wp\/v2\/media?parent=214"}],"curies":[{"name":"wp","href":"https:\/\/api.w.org\/{rel}","templated":true}]}}