{"id":211,"date":"2017-03-02T17:26:38","date_gmt":"2017-03-02T16:26:38","guid":{"rendered":"http:\/\/uni-vers-elle.getb.be\/?page_id=211"},"modified":"2017-03-20T14:45:51","modified_gmt":"2017-03-20T13:45:51","slug":"physique-quantique","status":"publish","type":"page","link":"https:\/\/uni-vers-elle.com\/index.php\/reconnective-healing\/physique-quantique\/","title":{"rendered":"Physique quantique"},"content":{"rendered":"<p><strong>La Pens\u00e9e Quantique \u2026<\/strong><\/p>\n<p>La physique de Newton d\u00e9crivait l\u2019Univers comme des blocs d\u2019\u00e9nergie s\u00e9par\u00e9s les uns des autres et sans communication entre eux, ou le temps et l\u2019espace \u00e9taient des absolus. En 1905 Albert Einstein dans sa Th\u00e9orie de la Relativit\u00e9 G\u00e9n\u00e9rale nous dit que le temps et l\u2019espace sont relatifs et il ajoute que l \u2018Univers existe ind\u00e9pendamment de nous et que pourtant nous n\u2019avons pas d\u2019influence sur lui.<\/p>\n<p>En 1944 Max Planck, le p\u00e8re de la physique quantique prononce un discours r\u00e9volutionnaire o\u00f9 il dit que \u00abla mati\u00e8re en tant que telle n\u2019existe pas\u00bb, qu\u2019il existe un champ \u00e9nerg\u00e9tique, un espace quantique de mati\u00e8re et que la \u00abr\u00e9alit\u00e9\u00bb est cr\u00e9\u00e9 et modifi\u00e9e par la conscience de l\u2019observateur. Le changement de paradigme est total: il place l\u2019homme comme co-cr\u00e9ateur de l\u2019Univers avec le pouvoir et la responsabilit\u00e9 de changer sa vie et celle de la Plan\u00e8te.<\/p>\n<p>La pens\u00e9e scientifique d\u2019aujourd\u2019hui cherche une Th\u00e9orie Unifi\u00e9e de la Physique. La Th\u00e9orie des Cordes na\u00eet avec cette intention, postulant que l\u2019Univers est compos\u00e9 d\u2019infimes particules ou cordes vibratoires qui expliquent aussi bien le monde quantique que la vie quotidienne. A l\u2019avant-garde de la compr\u00e9hension de l\u2019origine de la vie et au-del\u00e0 de l\u2019infiniment petit, la Haute Physique est en train de chercher dans l\u2019intangible, supposant l\u2019existence de dimensions subtiles, regardant l\u00e0 o\u00f9 l\u2019on ne voit pas: la Mati\u00e8re Obscure ou Matrice Divine ; le support \u00e9nerg\u00e9tique de\u00a0<strong>Tout ce Qui Est<\/strong>.<\/p>\n<p>La Matrice Divine nous interconnecte tous avec tout et avec l\u2019Univers.\u00a0<strong>Nous sommes les cr\u00e9ateurs\u00a0<\/strong>qui exp\u00e9rimentons et moulons la r\u00e9alit\u00e9 parce que\u00a0<strong>nous sommes conscience<\/strong>. Les exp\u00e9riences de la physique quantique montrent que les particules sont modifi\u00e9es par la conscience de l\u2019observateur et nous sommes la source de cette conscience.<\/p>\n<p>&nbsp;<\/p>\n<p><strong>\u00a0<\/strong><\/p>\n","protected":false},"excerpt":{"rendered":"<p>La Pens\u00e9e Quantique \u2026 La physique de Newton d\u00e9crivait l\u2019Univers comme des blocs d\u2019\u00e9nergie s\u00e9par\u00e9s les uns des autres et &hellip; <\/p>\n<p><a href=\"https:\/\/uni-vers-elle.com\/index.php\/reconnective-healing\/physique-quantique\/\" class=\"more-link\">Read More<\/a><\/p>\n","protected":false},"author":1,"featured_media":247,"parent":9,"menu_order":0,"comment_status":"closed","ping_status":"closed","template":"page-full.php","meta":{"_monsterinsights_skip_tracking":false,"_monsterinsights_sitenote_active":false,"_monsterinsights_sitenote_note":"","_monsterinsights_sitenote_category":0},"_links":{"self":[{"href":"https:\/\/uni-vers-elle.com\/index.php\/wp-json\/wp\/v2\/pages\/211"}],"collection":[{"href":"https:\/\/uni-vers-elle.com\/index.php\/wp-json\/wp\/v2\/pages"}],"about":[{"href":"https:\/\/uni-vers-elle.com\/index.php\/wp-json\/wp\/v2\/types\/page"}],"author":[{"embeddable":true,"href":"https:\/\/uni-vers-elle.com\/index.php\/wp-json\/wp\/v2\/users\/1"}],"replies":[{"embeddable":true,"href":"https:\/\/uni-vers-elle.com\/index.php\/wp-json\/wp\/v2\/comments?post=211"}],"version-history":[{"count":4,"href":"https:\/\/uni-vers-elle.com\/index.php\/wp-json\/wp\/v2\/pages\/211\/revisions"}],"predecessor-version":[{"id":453,"href":"https:\/\/uni-vers-elle.com\/index.php\/wp-json\/wp\/v2\/pages\/211\/revisions\/453"}],"up":[{"embeddable":true,"href":"https:\/\/uni-vers-elle.com\/index.php\/wp-json\/wp\/v2\/pages\/9"}],"wp:featuredmedia":[{"embeddable":true,"href":"https:\/\/uni-vers-elle.com\/index.php\/wp-json\/wp\/v2\/media\/247"}],"wp:attachment":[{"href":"https:\/\/uni-vers-elle.com\/index.php\/wp-json\/wp\/v2\/media?parent=211"}],"curies":[{"name":"wp","href":"https:\/\/api.w.org\/{rel}","templated":true}]}}