{"id":118,"date":"2017-02-25T19:14:46","date_gmt":"2017-02-25T18:14:46","guid":{"rendered":"http:\/\/uni-vers-elle.getb.be\/?page_id=118"},"modified":"2023-09-11T16:31:35","modified_gmt":"2023-09-11T14:31:35","slug":"gallerie-institut","status":"publish","type":"page","link":"https:\/\/uni-vers-elle.com\/index.php\/gallerie-institut\/","title":{"rendered":"Notre espace de Reconnexion \u00e0 Soi"},"content":{"rendered":"<blockquote>\n<p><strong>S&rsquo;am\u00e9liorer c&rsquo;est changer; \u00eatre parfait c&rsquo;est changer souvent\u00a0\u00bb WINSTON Churchill<\/strong><\/p>\n<\/blockquote>\n<p>Wow les changements&#8230;\u00a0 Et bien je dois avouer que j&rsquo;en ai v\u00e9cu beaucoup depuis cette nouvelle aventure d\u00e9but\u00e9e en 2015 lors de ma Reconnexion Personnelle \u00e0 B\u00e2le.<\/p>\n<p>J&rsquo;ai commenc\u00e9 \u00e0 pratiquer officiellement en 2017, mais c&rsquo;est en juillet 2019 que je suis v\u00e9ritablement rentr\u00e9e dans mon nouveau chemin de Vie en tant que\u00a0 Th\u00e9rapeute Holistique ind\u00e9pendante \u00e0 temps complet.<\/p>\n<p>C&rsquo;est fin de cette m\u00eame ann\u00e9e que je me laisse s\u00e9duire par la belle \u00e9nergie de Fran\u00e7oise Voisin, artiste hyper reconnue dans notre r\u00e9gion, ainsi que deux, trois entrepreneurs locaux pour m&rsquo;aider \u00e0\u00a0 transformer et cr\u00e9er mon<strong>\u00a0 \u00ab\u00a0Nouveau Cocon\u00a0\u00bb<\/strong> au Rez de chauss\u00e9e !<\/p>\n<p>Mon premier lieu de <strong>Reconnexion \u00e0 Soi<\/strong> \u00e9tait initialement situ\u00e9 \u00e0 l&rsquo;\u00e9tage de notre maison.<\/p>\n<p>Peu pratique, m\u00eame si magique\u00a0 au point de vue\u00a0 nature environnante.<\/p>\n<p>Tr\u00e8s vite le d\u00e9veloppement du cabinet m&rsquo;interpella au niveau du confort d&rsquo;acc\u00e8s des personnes b\u00e9n\u00e9ficiaires \u00e2g\u00e9es, et \u00e0 mobilit\u00e9 r\u00e9duite.\u00a0<\/p>\n<p>Le projet fut os\u00e9\u00a0 et le pari\/d\u00e9fit a, je pense, \u00e9t\u00e9 tenu !<\/p>\n<p>C&rsquo;est donc au Rez de mon havre, que je vous re\u00e7ois d\u00e9sormais pour votre plus grande facilit\u00e9 et confort !<\/p>\n<p>L&rsquo;acc\u00e8s ext\u00e9rieur ( parking-&gt; cabinet ) est lui aussi facilit\u00e9 pour les chaises roulantes.\u00a0<\/p>\n<p>Les oiseaux du jardin ont migr\u00e9 sur l&rsquo;avant de la maison et m&rsquo;accompagnent pour mon plus grand \u00e9merveillement, chaque jour qui passe.<\/p>\n<p>Merci \u00e0 Fran\u00e7oise Voisin d&rsquo;avoir ancr\u00e9 tout ces merveilleux influx dans sa fresque si impactante par\u00a0 ses vibrations d&rsquo;\u00e9vasion.<\/p>\n<p>Merci \u00e0 la soci\u00e9t\u00e9 Honders Groupe &#8211; mes voisins, le menuisier Christophe Simons, l&rsquo;\u00e9lectricien David Radermecker pour la r\u00e9alisation de mes attentes et leur travail impeccable.<\/p>\n<p>J&rsquo;ai \u00e0 c\u0153ur de donner toujours le meilleur de moi-m&rsquo;aime et vous accueillir dans cet endroit particulier, o\u00f9 je me sens si bien.<\/p>\n<p>Vous pourrez y \u00ab\u00a0d\u00e9lester\u00a0\u00bb consciemment ou inconsciemment, toutes les scories-sch\u00e9mas-modes de fonctionnement- peurs et angoisses qui vous encombrent et vous emp\u00eachent d&rsquo;accueillir la Vie \u00e0 sa juste valeur.<\/p>\n<p>Avec tant de r\u00e9jouissance de vous y recevoir dans tout ce que vous \u00cates!\u00a0<\/p>\n<p>Avec tout mon Amour Infini<\/p>\n<p>De tout C\u0153ur\u00a0\u00a0<\/p>\n<p>Marie-Isabelle<\/p>\n<p>\u00a0<\/p>\n<p>Edit\u00e9 ce 4 septembre 2023<\/p>\n<p>\u00a0<\/p>\n\n\n<figure class=\"wp-block-gallery columns-3 is-cropped\"><ul class=\"blocks-gallery-grid\"><li class=\"blocks-gallery-item\"><figure><img loading=\"lazy\" width=\"1534\" height=\"2048\" src=\"https:\/\/uni-vers-elle.com\/wp-content\/uploads\/2023\/09\/IMG_6647-1.jpg\" alt=\"\" data-id=\"1162\" data-link=\"https:\/\/uni-vers-elle.com\/index.php\/gallerie-institut\/img_6647-1\/\" class=\"wp-image-1162\" srcset=\"https:\/\/uni-vers-elle.com\/wp-content\/uploads\/2023\/09\/IMG_6647-1.jpg 1534w, https:\/\/uni-vers-elle.com\/wp-content\/uploads\/2023\/09\/IMG_6647-1-225x300.jpg 225w, https:\/\/uni-vers-elle.com\/wp-content\/uploads\/2023\/09\/IMG_6647-1-767x1024.jpg 767w, https:\/\/uni-vers-elle.com\/wp-content\/uploads\/2023\/09\/IMG_6647-1-768x1025.jpg 768w, https:\/\/uni-vers-elle.com\/wp-content\/uploads\/2023\/09\/IMG_6647-1-1151x1536.jpg 1151w\" sizes=\"(max-width: 1534px) 100vw, 1534px\" \/><figcaption class=\"blocks-gallery-item__caption\">D\u00e9cembre 2021 <\/figcaption><\/figure><\/li><li class=\"blocks-gallery-item\"><figure><img loading=\"lazy\" width=\"240\" height=\"320\" src=\"https:\/\/uni-vers-elle.com\/wp-content\/uploads\/2023\/09\/IMG_6652-2.jpg\" alt=\"\" data-id=\"1164\" data-link=\"https:\/\/uni-vers-elle.com\/index.php\/gallerie-institut\/img_6652-2\/\" class=\"wp-image-1164\" srcset=\"https:\/\/uni-vers-elle.com\/wp-content\/uploads\/2023\/09\/IMG_6652-2.jpg 240w, https:\/\/uni-vers-elle.com\/wp-content\/uploads\/2023\/09\/IMG_6652-2-225x300.jpg 225w\" sizes=\"(max-width: 240px) 100vw, 240px\" \/><\/figure><\/li><li class=\"blocks-gallery-item\"><figure><img loading=\"lazy\" width=\"240\" height=\"320\" src=\"https:\/\/uni-vers-elle.com\/wp-content\/uploads\/2023\/09\/IMG_6612-2.jpg\" alt=\"\" data-id=\"1173\" data-link=\"https:\/\/uni-vers-elle.com\/index.php\/gallerie-institut\/img_6612-2\/\" class=\"wp-image-1173\" srcset=\"https:\/\/uni-vers-elle.com\/wp-content\/uploads\/2023\/09\/IMG_6612-2.jpg 240w, https:\/\/uni-vers-elle.com\/wp-content\/uploads\/2023\/09\/IMG_6612-2-225x300.jpg 225w\" sizes=\"(max-width: 240px) 100vw, 240px\" \/><\/figure><\/li><li class=\"blocks-gallery-item\"><figure><img loading=\"lazy\" width=\"1440\" height=\"1800\" src=\"https:\/\/uni-vers-elle.com\/wp-content\/uploads\/2023\/09\/IMG_6643-1.jpg\" alt=\"\" data-id=\"1161\" data-link=\"https:\/\/uni-vers-elle.com\/index.php\/gallerie-institut\/img_6643-1\/\" class=\"wp-image-1161\" srcset=\"https:\/\/uni-vers-elle.com\/wp-content\/uploads\/2023\/09\/IMG_6643-1.jpg 1440w, https:\/\/uni-vers-elle.com\/wp-content\/uploads\/2023\/09\/IMG_6643-1-240x300.jpg 240w, https:\/\/uni-vers-elle.com\/wp-content\/uploads\/2023\/09\/IMG_6643-1-819x1024.jpg 819w, https:\/\/uni-vers-elle.com\/wp-content\/uploads\/2023\/09\/IMG_6643-1-768x960.jpg 768w, https:\/\/uni-vers-elle.com\/wp-content\/uploads\/2023\/09\/IMG_6643-1-1229x1536.jpg 1229w\" sizes=\"(max-width: 1440px) 100vw, 1440px\" \/><\/figure><\/li><li class=\"blocks-gallery-item\"><figure><img loading=\"lazy\" width=\"1534\" height=\"2048\" src=\"https:\/\/uni-vers-elle.com\/wp-content\/uploads\/2023\/09\/IMG_6647-2.jpg\" alt=\"\" data-id=\"1174\" data-link=\"https:\/\/uni-vers-elle.com\/index.php\/gallerie-institut\/img_6647-2\/\" class=\"wp-image-1174\" srcset=\"https:\/\/uni-vers-elle.com\/wp-content\/uploads\/2023\/09\/IMG_6647-2.jpg 1534w, https:\/\/uni-vers-elle.com\/wp-content\/uploads\/2023\/09\/IMG_6647-2-225x300.jpg 225w, https:\/\/uni-vers-elle.com\/wp-content\/uploads\/2023\/09\/IMG_6647-2-767x1024.jpg 767w, https:\/\/uni-vers-elle.com\/wp-content\/uploads\/2023\/09\/IMG_6647-2-768x1025.jpg 768w, https:\/\/uni-vers-elle.com\/wp-content\/uploads\/2023\/09\/IMG_6647-2-1151x1536.jpg 1151w\" sizes=\"(max-width: 1534px) 100vw, 1534px\" \/><\/figure><\/li><li class=\"blocks-gallery-item\"><figure><img loading=\"lazy\" width=\"240\" height=\"320\" src=\"https:\/\/uni-vers-elle.com\/wp-content\/uploads\/2023\/09\/IMG_6652-3.jpg\" alt=\"\" data-id=\"1175\" data-link=\"https:\/\/uni-vers-elle.com\/index.php\/gallerie-institut\/img_6652-3\/\" class=\"wp-image-1175\" srcset=\"https:\/\/uni-vers-elle.com\/wp-content\/uploads\/2023\/09\/IMG_6652-3.jpg 240w, https:\/\/uni-vers-elle.com\/wp-content\/uploads\/2023\/09\/IMG_6652-3-225x300.jpg 225w\" sizes=\"(max-width: 240px) 100vw, 240px\" \/><\/figure><\/li><li class=\"blocks-gallery-item\"><figure><img loading=\"lazy\" width=\"536\" height=\"640\" src=\"https:\/\/uni-vers-elle.com\/wp-content\/uploads\/2023\/09\/IMG_6656.jpg\" alt=\"\" data-id=\"1176\" data-link=\"https:\/\/uni-vers-elle.com\/index.php\/gallerie-institut\/img_6656\/\" class=\"wp-image-1176\" srcset=\"https:\/\/uni-vers-elle.com\/wp-content\/uploads\/2023\/09\/IMG_6656.jpg 536w, https:\/\/uni-vers-elle.com\/wp-content\/uploads\/2023\/09\/IMG_6656-251x300.jpg 251w\" sizes=\"(max-width: 536px) 100vw, 536px\" \/><\/figure><\/li><li class=\"blocks-gallery-item\"><figure><img loading=\"lazy\" width=\"640\" height=\"480\" src=\"https:\/\/uni-vers-elle.com\/wp-content\/uploads\/2023\/09\/IMG_6222-3.jpg\" alt=\"\" data-id=\"1146\" class=\"wp-image-1146\" srcset=\"https:\/\/uni-vers-elle.com\/wp-content\/uploads\/2023\/09\/IMG_6222-3.jpg 640w, https:\/\/uni-vers-elle.com\/wp-content\/uploads\/2023\/09\/IMG_6222-3-300x225.jpg 300w\" sizes=\"(max-width: 640px) 100vw, 640px\" \/><\/figure><\/li><li class=\"blocks-gallery-item\"><figure><img loading=\"lazy\" width=\"640\" height=\"480\" src=\"https:\/\/uni-vers-elle.com\/wp-content\/uploads\/2023\/09\/IMG_6224-2.jpg\" alt=\"\" data-id=\"1148\" data-link=\"https:\/\/uni-vers-elle.com\/index.php\/gallerie-institut\/img_6224-2\/\" class=\"wp-image-1148\" srcset=\"https:\/\/uni-vers-elle.com\/wp-content\/uploads\/2023\/09\/IMG_6224-2.jpg 640w, https:\/\/uni-vers-elle.com\/wp-content\/uploads\/2023\/09\/IMG_6224-2-300x225.jpg 300w\" sizes=\"(max-width: 640px) 100vw, 640px\" \/><\/figure><\/li><li class=\"blocks-gallery-item\"><figure><img loading=\"lazy\" width=\"640\" height=\"480\" src=\"https:\/\/uni-vers-elle.com\/wp-content\/uploads\/2023\/09\/IMG_6223-2.jpg\" alt=\"\" data-id=\"1147\" data-link=\"https:\/\/uni-vers-elle.com\/index.php\/gallerie-institut\/img_6223-2\/\" class=\"wp-image-1147\" srcset=\"https:\/\/uni-vers-elle.com\/wp-content\/uploads\/2023\/09\/IMG_6223-2.jpg 640w, https:\/\/uni-vers-elle.com\/wp-content\/uploads\/2023\/09\/IMG_6223-2-300x225.jpg 300w\" sizes=\"(max-width: 640px) 100vw, 640px\" \/><\/figure><\/li><li class=\"blocks-gallery-item\"><figure><img loading=\"lazy\" width=\"640\" height=\"480\" src=\"https:\/\/uni-vers-elle.com\/wp-content\/uploads\/2023\/09\/IMG_6225-2.jpg\" alt=\"\" data-id=\"1149\" data-link=\"https:\/\/uni-vers-elle.com\/index.php\/gallerie-institut\/img_6225-2\/\" class=\"wp-image-1149\" srcset=\"https:\/\/uni-vers-elle.com\/wp-content\/uploads\/2023\/09\/IMG_6225-2.jpg 640w, https:\/\/uni-vers-elle.com\/wp-content\/uploads\/2023\/09\/IMG_6225-2-300x225.jpg 300w\" sizes=\"(max-width: 640px) 100vw, 640px\" \/><\/figure><\/li><li class=\"blocks-gallery-item\"><figure><img loading=\"lazy\" width=\"480\" height=\"640\" src=\"https:\/\/uni-vers-elle.com\/wp-content\/uploads\/2023\/09\/IMG_6229-1.jpg\" alt=\"\" data-id=\"1151\" data-link=\"https:\/\/uni-vers-elle.com\/index.php\/gallerie-institut\/img_6229-1\/\" class=\"wp-image-1151\" srcset=\"https:\/\/uni-vers-elle.com\/wp-content\/uploads\/2023\/09\/IMG_6229-1.jpg 480w, https:\/\/uni-vers-elle.com\/wp-content\/uploads\/2023\/09\/IMG_6229-1-225x300.jpg 225w\" sizes=\"(max-width: 480px) 100vw, 480px\" \/><\/figure><\/li><li class=\"blocks-gallery-item\"><figure><img loading=\"lazy\" width=\"480\" height=\"640\" src=\"https:\/\/uni-vers-elle.com\/wp-content\/uploads\/2023\/09\/IMG_6232.jpg\" alt=\"\" data-id=\"1153\" data-link=\"https:\/\/uni-vers-elle.com\/index.php\/gallerie-institut\/img_6232\/\" class=\"wp-image-1153\" srcset=\"https:\/\/uni-vers-elle.com\/wp-content\/uploads\/2023\/09\/IMG_6232.jpg 480w, https:\/\/uni-vers-elle.com\/wp-content\/uploads\/2023\/09\/IMG_6232-225x300.jpg 225w\" sizes=\"(max-width: 480px) 100vw, 480px\" \/><figcaption class=\"blocks-gallery-item__caption\">Hall d&rsquo;entr\u00e9e avec espace sanitaire <\/figcaption><\/figure><\/li><li class=\"blocks-gallery-item\"><figure><img loading=\"lazy\" width=\"480\" height=\"640\" src=\"https:\/\/uni-vers-elle.com\/wp-content\/uploads\/2023\/09\/IMG_6231.jpg\" alt=\"\" data-id=\"1152\" data-link=\"https:\/\/uni-vers-elle.com\/index.php\/gallerie-institut\/img_6231\/\" class=\"wp-image-1152\" srcset=\"https:\/\/uni-vers-elle.com\/wp-content\/uploads\/2023\/09\/IMG_6231.jpg 480w, https:\/\/uni-vers-elle.com\/wp-content\/uploads\/2023\/09\/IMG_6231-225x300.jpg 225w\" sizes=\"(max-width: 480px) 100vw, 480px\" \/><\/figure><\/li><li class=\"blocks-gallery-item\"><figure><img loading=\"lazy\" width=\"480\" height=\"640\" src=\"https:\/\/uni-vers-elle.com\/wp-content\/uploads\/2023\/09\/IMG_6233.jpg\" alt=\"\" data-id=\"1154\" data-link=\"https:\/\/uni-vers-elle.com\/index.php\/gallerie-institut\/img_6233\/\" class=\"wp-image-1154\" srcset=\"https:\/\/uni-vers-elle.com\/wp-content\/uploads\/2023\/09\/IMG_6233.jpg 480w, https:\/\/uni-vers-elle.com\/wp-content\/uploads\/2023\/09\/IMG_6233-225x300.jpg 225w\" sizes=\"(max-width: 480px) 100vw, 480px\" \/><\/figure><\/li><\/ul><\/figure>\n\n\n\n<p><\/p>\n","protected":false},"excerpt":{"rendered":"<p>S&rsquo;am\u00e9liorer c&rsquo;est changer; \u00eatre parfait c&rsquo;est changer souvent\u00a0\u00bb WINSTON Churchill Wow les changements&#8230;\u00a0 Et bien je dois avouer que j&rsquo;en &hellip; <\/p>\n<p><a href=\"https:\/\/uni-vers-elle.com\/index.php\/gallerie-institut\/\" class=\"more-link\">Read More<\/a><\/p>\n","protected":false},"author":1,"featured_media":0,"parent":0,"menu_order":0,"comment_status":"closed","ping_status":"closed","template":"","meta":{"_monsterinsights_skip_tracking":false,"_monsterinsights_sitenote_active":false,"_monsterinsights_sitenote_note":"","_monsterinsights_sitenote_category":0},"_links":{"self":[{"href":"https:\/\/uni-vers-elle.com\/index.php\/wp-json\/wp\/v2\/pages\/118"}],"collection":[{"href":"https:\/\/uni-vers-elle.com\/index.php\/wp-json\/wp\/v2\/pages"}],"about":[{"href":"https:\/\/uni-vers-elle.com\/index.php\/wp-json\/wp\/v2\/types\/page"}],"author":[{"embeddable":true,"href":"https:\/\/uni-vers-elle.com\/index.php\/wp-json\/wp\/v2\/users\/1"}],"replies":[{"embeddable":true,"href":"https:\/\/uni-vers-elle.com\/index.php\/wp-json\/wp\/v2\/comments?post=118"}],"version-history":[{"count":27,"href":"https:\/\/uni-vers-elle.com\/index.php\/wp-json\/wp\/v2\/pages\/118\/revisions"}],"predecessor-version":[{"id":1206,"href":"https:\/\/uni-vers-elle.com\/index.php\/wp-json\/wp\/v2\/pages\/118\/revisions\/1206"}],"wp:attachment":[{"href":"https:\/\/uni-vers-elle.com\/index.php\/wp-json\/wp\/v2\/media?parent=118"}],"curies":[{"name":"wp","href":"https:\/\/api.w.org\/{rel}","templated":true}]}}